{"id":1273,"date":"2025-03-07T13:27:05","date_gmt":"2025-03-07T13:27:05","guid":{"rendered":"https:\/\/microdeko.com\/avis-juridique\/"},"modified":"2026-02-03T13:47:58","modified_gmt":"2026-02-03T13:47:58","slug":"avis-juridique","status":"publish","type":"page","link":"https:\/\/microdeko.com\/fr\/avis-juridique\/","title":{"rendered":"Avis juridique"},"content":{"rendered":"\t\t<div data-elementor-type=\"wp-page\" data-elementor-id=\"1273\" class=\"elementor elementor-1273 elementor-415\" data-elementor-post-type=\"page\">\n\t\t\t\t<div class=\"elementor-element elementor-element-8810c98 e-flex e-con-boxed e-con e-parent\" data-id=\"8810c98\" data-element_type=\"container\" data-e-type=\"container\">\n\t\t\t\t\t<div class=\"e-con-inner\">\n\t\t\t\t<div class=\"elementor-element elementor-element-fdf82c1 elementor-widget elementor-widget-heading\" data-id=\"fdf82c1\" data-element_type=\"widget\" data-e-type=\"widget\" data-widget_type=\"heading.default\">\n\t\t\t\t<div class=\"elementor-widget-container\">\n\t\t\t\t\t<h2 class=\"elementor-heading-title elementor-size-default\">Avis juridique<\/h2>\t\t\t\t<\/div>\n\t\t\t\t<\/div>\n\t\t\t\t<div class=\"elementor-element elementor-element-5e183ea elementor-widget elementor-widget-text-editor\" data-id=\"5e183ea\" data-element_type=\"widget\" data-e-type=\"widget\" data-widget_type=\"text-editor.default\">\n\t\t\t\t<div class=\"elementor-widget-container\">\n\t\t\t\t\t\t\t\t\t<div class=\"page-header\"><p>Le Propri\u00e9taire vous informe de sa politique de confidentialit\u00e9 concernant le traitement et la protection des donn\u00e9es personnelles des utilisateurs qui peuvent \u00eatre collect\u00e9es lors de la navigation sur le site Web <a href=\"http:\/\/www.microdeko.com\">: https:\/\/microdeko.com<\/a><\/p><p>\u00c0 cet \u00e9gard, le responsable du traitement garantit le respect de la l\u00e9gislation en vigueur en mati\u00e8re de protection des donn\u00e9es \u00e0 caract\u00e8re personnel, refl\u00e9t\u00e9e dans la loi organique 3\/2018 du 5 d\u00e9cembre sur la protection des donn\u00e9es \u00e0 caract\u00e8re personnel et la garantie des droits num\u00e9riques (LOPD GDD). Il se conforme \u00e9galement au r\u00e8glement (UE) 2016\/679 du Parlement europ\u00e9en et du Conseil du 27 avril 2016 relatif \u00e0 la protection des personnes physiques (GDPR). <\/p><p>L&rsquo;utilisation du site web implique l&rsquo;acceptation de la pr\u00e9sente politique de confidentialit\u00e9 ainsi que des conditions incluses dans l&rsquo;<a href=\"https:\/\/microdeko.com\/fr\/?page_id=1273\">avis juridique.<\/a><\/p><h2>Identit\u00e9 de la personne responsable<\/h2><p> <\/p><ul><li><b>Responsable :<\/b> PAVICRET SL.<\/li><li><b>NUM\u00c9RO DE TVA :<\/b> B98650153<\/li><li><b>Adresse :<\/b> Valence &#8211; Espagne.<\/li><li><b>Courriel :<\/b> info@microdeko.com<\/li><li><b>T\u00e9l\u00e9phone de contact :<\/b> 960099912<\/li><li><b>Site web : <\/b><a href=\"https:\/\/microdeko.com\/fr\/\">https:\/\/microdeko.com<\/a><\/li><\/ul><p> <\/p><h2>Principes appliqu\u00e9s au traitement des donn\u00e9es<\/h2><p>Lors du traitement de vos donn\u00e9es \u00e0 caract\u00e8re personnel, le responsable du traitement applique les principes suivants, qui sont conformes aux exigences du nouveau r\u00e8glement europ\u00e9en sur la protection des donn\u00e9es (GDPR) :<\/p><p> <\/p><ul><li>Principe de l\u00e9galit\u00e9, d&rsquo;\u00e9quit\u00e9 et de transparence : le responsable du traitement des donn\u00e9es demandera toujours le consentement de l&rsquo;utilisateur pour le traitement des donn\u00e9es \u00e0 caract\u00e8re personnel, qui peut avoir une ou plusieurs finalit\u00e9s sp\u00e9cifiques dont le responsable du traitement des donn\u00e9es informera l&rsquo;utilisateur au pr\u00e9alable, en toute transparence.<\/li><li>Principe de minimisation des donn\u00e9es : Le responsable du traitement ne demande que les donn\u00e9es strictement n\u00e9cessaires aux fins pour lesquelles les donn\u00e9es sont demand\u00e9es.<\/li><li>Principe de limitation de la dur\u00e9e de conservation : Le responsable du traitement conserve les donn\u00e9es \u00e0 caract\u00e8re personnel collect\u00e9es pendant la dur\u00e9e strictement n\u00e9cessaire \u00e0 la r\u00e9alisation de la ou des finalit\u00e9s du traitement. Le responsable du traitement informe l&rsquo;utilisateur de la p\u00e9riode de conservation pertinente en fonction de la finalit\u00e9.<br>Dans le cas des abonnements, le responsable du traitement revoit p\u00e9riodiquement les listes et supprime les enregistrements qui sont inactifs depuis une p\u00e9riode de temps consid\u00e9rable. <\/li><li>Principe d&rsquo;int\u00e9grit\u00e9 et de confidentialit\u00e9 : les donn\u00e9es personnelles collect\u00e9es seront trait\u00e9es de mani\u00e8re \u00e0 garantir leur s\u00e9curit\u00e9, leur confidentialit\u00e9 et leur int\u00e9grit\u00e9.<br>Le responsable du traitement prend les pr\u00e9cautions n\u00e9cessaires pour emp\u00eacher l&rsquo;acc\u00e8s non autoris\u00e9 ou l&rsquo;utilisation abusive des donn\u00e9es de ses utilisateurs par des tiers.<\/li><\/ul><p> <\/p><h2>Collecte de donn\u00e9es \u00e0 caract\u00e8re personnel<\/h2><p>Vous n&rsquo;avez pas besoin de fournir de donn\u00e9es personnelles pour naviguer sur le site.<\/p><h2>Droits de l&rsquo;homme<\/h2><p>La personne concern\u00e9e vous informe qu&rsquo;elle a le droit d&rsquo;acc\u00e9der \u00e0 ses donn\u00e9es personnelles :<\/p><p> <\/p><ul><li>Demander l&rsquo;acc\u00e8s aux donn\u00e9es stock\u00e9es.<\/li><li>Demander la rectification ou l&rsquo;effacement.<\/li><li>demander la limitation de leur traitement.<\/li><li>Traitement contradictoire.<\/li><li>Demander la portabilit\u00e9 de vos donn\u00e9es.<\/li><\/ul><p> <\/p><p>L&rsquo;exercice de ces droits est personnel et doit donc \u00eatre exerc\u00e9 directement par la personne concern\u00e9e, en le demandant directement au responsable du traitement, ce qui signifie que tout client, abonn\u00e9 ou collaborateur ayant fourni ses donn\u00e9es peut \u00e0 tout moment contacter le responsable du traitement et demander des informations sur les donn\u00e9es stock\u00e9es et la mani\u00e8re dont elles ont \u00e9t\u00e9 obtenues, demander la rectification des donn\u00e9es, demander la portabilit\u00e9 de ses donn\u00e9es personnelles, s&rsquo;opposer au traitement, limiter son utilisation ou demander la suppression de ces donn\u00e9es dans les fichiers du responsable du traitement.<\/p><p>Pour exercer vos droits, veuillez envoyer votre demande accompagn\u00e9e d&rsquo;une photocopie de votre carte d&rsquo;identit\u00e9 nationale ou d&rsquo;un document \u00e9quivalent \u00e0 l&rsquo;adresse \u00e9lectronique suivante : info@microdeko.com<\/p><p>L&rsquo;exercice de ces droits n&rsquo;inclut pas les donn\u00e9es que le responsable du traitement est tenu de conserver \u00e0 des fins administratives, juridiques ou de s\u00e9curit\u00e9.<\/p><p>Vous avez le droit de b\u00e9n\u00e9ficier d&rsquo;une protection juridictionnelle effective et d&rsquo;introduire une r\u00e9clamation aupr\u00e8s de l&rsquo;autorit\u00e9 de contr\u00f4le, en l&rsquo;occurrence l&rsquo;Agence espagnole de protection des donn\u00e9es, si vous estimez que le traitement des donn\u00e9es \u00e0 caract\u00e8re personnel vous concernant est contraire au r\u00e8glement.<\/p><h2 id=\"finalidad-del-tratamiento-de-datos-personales\">Finalit\u00e9 du traitement des donn\u00e9es \u00e0 caract\u00e8re personnel<\/h2><p>Lorsque vous vous connectez au site web pour envoyer un courriel au propri\u00e9taire, vous abonner \u00e0 sa lettre d&rsquo;information, vous fournissez des informations personnelles dont le propri\u00e9taire est responsable. Ces informations peuvent inclure des donn\u00e9es personnelles telles que votre adresse IP, vos nom et pr\u00e9nom, votre adresse physique, votre adresse \u00e9lectronique, votre num\u00e9ro de t\u00e9l\u00e9phone et d&rsquo;autres informations. En fournissant ces informations, vous consentez \u00e0 ce qu&rsquo;elles soient collect\u00e9es, utilis\u00e9es, g\u00e9r\u00e9es et stock\u00e9es par &#8211; Hostinger &#8211; uniquement de la mani\u00e8re d\u00e9crite sur les pages :  <\/p><ul><li><a href=\"https:\/\/microdeko.com\/fr\/?page_id=1273\">Avis juridique<\/a><\/li><li><a href=\"https:\/\/microdeko.aolcas.com\/politica-de-privacidad\/\">Politique de confidentialit\u00e9<\/a><\/li><\/ul><p> <\/p><p>Les donn\u00e9es personnelles et la finalit\u00e9 du traitement par la personne concern\u00e9e diff\u00e8rent selon le syst\u00e8me de saisie de l&rsquo;information :<\/p><p> <\/p><p> <\/p><p>Le contr\u00f4leur des donn\u00e9es traite les donn\u00e9es \u00e0 caract\u00e8re personnel \u00e0 d&rsquo;autres fins :<\/p><p> <\/p><ul><li>Assurer le respect des conditions \u00e9nonc\u00e9es dans la page des mentions l\u00e9gales et de la l\u00e9gislation applicable. Cela peut inclure le d\u00e9veloppement d&rsquo;outils et d&rsquo;algorithmes pour aider le site web \u00e0 assurer la confidentialit\u00e9 des donn\u00e9es \u00e0 caract\u00e8re personnel qu&rsquo;il recueille. <\/li><li>Soutenir et am\u00e9liorer les services offerts par ce site Web.<\/li><li><p>Pour g\u00e9rer les r\u00e9seaux sociaux. Le Responsable du traitement est pr\u00e9sent sur les r\u00e9seaux sociaux. Si vous devenez un adepte des r\u00e9seaux sociaux du titulaire, le traitement des donn\u00e9es personnelles sera r\u00e9gi par la pr\u00e9sente section, ainsi que par les conditions d&rsquo;utilisation, les politiques de confidentialit\u00e9 et les r\u00e8gles d&rsquo;acc\u00e8s propres au r\u00e9seau social qui s&rsquo;applique dans chaque cas et que vous avez pr\u00e9alablement accept\u00e9es.<br>Vous pouvez consulter les politiques de confidentialit\u00e9 des principaux r\u00e9seaux sociaux dans les liens suivants :  <\/p><p> <\/p><ul><li><a href=\"https:\/\/www.facebook.com\/help\/cookies\" target=\"_blank\" rel=\"nofollow noopener\">Facebook<\/a><\/li><li><a href=\"https:\/\/twitter.com\/privacy\" target=\"_blank\" rel=\"nofollow noopener\">Twitter<\/a><\/li><li><a href=\"https:\/\/www.linkedin.com\/legal\/cookie-policy\" target=\"_blank\" rel=\"nofollow noopener\">Linkedin<\/a><\/li><li><a href=\"https:\/\/www.youtube.com\/privacy\" target=\"_blank\" rel=\"nofollow noopener\">YouTube<\/a><\/li><li><a href=\"https:\/\/www.instagram.com\/legal\/privacy\/\" target=\"_blank\" rel=\"nofollow noopener\">Instagram<\/a><\/li><\/ul><p> <\/p><p>Le Propri\u00e9taire traitera vos donn\u00e9es personnelles afin de g\u00e9rer correctement votre pr\u00e9sence sur le r\u00e9seau social, de vous informer de ses activit\u00e9s, ainsi que pour toute autre finalit\u00e9 que les r\u00e8glements des r\u00e9seaux sociaux autorisent.<\/p><p>Le responsable du traitement n&rsquo;utilisera en aucun cas les profils des personnes qui le suivent sur les r\u00e9seaux sociaux pour envoyer de la publicit\u00e9 sur une base individuelle.<\/p><\/li><\/ul><p> <\/p><h2>S\u00e9curit\u00e9 des donn\u00e9es personnelles<\/h2><p>Pour prot\u00e9ger vos donn\u00e9es \u00e0 caract\u00e8re personnel, le contr\u00f4leur des donn\u00e9es prend toutes les pr\u00e9cautions raisonnables et suit les meilleures pratiques du secteur pour \u00e9viter la perte, l&rsquo;utilisation abusive, l&rsquo;acc\u00e8s inappropri\u00e9, la divulgation, l&rsquo;alt\u00e9ration ou la destruction de vos donn\u00e9es \u00e0 caract\u00e8re personnel.<\/p><p>Le site est h\u00e9berg\u00e9 par : Hostinger. La s\u00e9curit\u00e9 des donn\u00e9es est garantie, car ils prennent toutes les mesures de s\u00e9curit\u00e9 n\u00e9cessaires \u00e0 cet effet. Vous pouvez consulter leur politique de confidentialit\u00e9 pour plus d&rsquo;informations.  <\/p><h2>Contenu d&rsquo;autres sites web<\/h2><p>Les pages de ce site web peuvent contenir du contenu int\u00e9gr\u00e9 (par exemple des vid\u00e9os, des images, des articles, etc.). Le contenu int\u00e9gr\u00e9 provenant d&rsquo;autres sites web se comporte exactement de la m\u00eame mani\u00e8re que si vous aviez visit\u00e9 l&rsquo;autre site web. <\/p><p>Ces sites web peuvent collecter des donn\u00e9es vous concernant, utiliser des cookies, int\u00e9grer des codes de suivi suppl\u00e9mentaires provenant de tiers et contr\u00f4ler votre interaction avec ces codes.<\/p><h2>Politique en mati\u00e8re de cookies<\/h2><p>Pour fonctionner correctement, ce site web doit utiliser des cookies, qui sont des informations stock\u00e9es dans votre navigateur web.<\/p><h2>L\u00e9gitimation du traitement des donn\u00e9es<\/h2><p>La base juridique du traitement de vos donn\u00e9es est la suivante :<\/p><ul><li>Le consentement de la personne concern\u00e9e.<\/li><\/ul><p> <\/p><h2>Cat\u00e9gories de donn\u00e9es \u00e0 caract\u00e8re personnel<\/h2><p>Les cat\u00e9gories de donn\u00e9es \u00e0 caract\u00e8re personnel trait\u00e9es par le contr\u00f4leur des donn\u00e9es sont les suivantes :<\/p><p> <\/p><ul><li>Donn\u00e9es d&rsquo;identification.<\/li><li>Aucune cat\u00e9gorie de donn\u00e9es sp\u00e9cialement prot\u00e9g\u00e9e n&rsquo;est trait\u00e9e.<\/li><\/ul><p> <\/p><h2>Conservation des donn\u00e9es \u00e0 caract\u00e8re personnel<\/h2><p>Les donn\u00e9es \u00e0 caract\u00e8re personnel fournies \u00e0 la personne concern\u00e9e seront conserv\u00e9es jusqu&rsquo;\u00e0 ce que la personne concern\u00e9e demande leur suppression.<\/p><div id=\"destinatarios\"><h2>Destinataires des donn\u00e9es \u00e0 caract\u00e8re personnel<\/h2><p> <\/p><ul><li>Google <b>Analytics<\/b> est un service d&rsquo;analyse du Web fourni par Google, Inc, une soci\u00e9t\u00e9 du Delaware dont le si\u00e8ge social est situ\u00e9 au 1600 Amphitheatre Parkway, Mountain View (Californie), CA 94043, \u00c9tats-Unis (\u00ab\u00a0Google\u00a0\u00bb).<br>Google Analytics utilise des \u00ab\u00a0cookies\u00a0\u00bb, qui sont des fichiers texte plac\u00e9s sur votre ordinateur, pour aider le Propri\u00e9taire \u00e0 analyser l&rsquo;utilisation du Site Web par ses utilisateurs. Les informations g\u00e9n\u00e9r\u00e9es par les cookies concernant votre utilisation du site (y compris votre adresse IP) seront transmises et stock\u00e9es par Google sur des serveurs situ\u00e9s aux Etats-Unis.<br>Pour plus d&rsquo;informations <a href=\"https:\/\/policies.google.com\/privacy?hl=es-ES\" target=\"_blank\" rel=\"nofollow noopener\">: https:\/\/analytics.google.com<\/a> <\/li><\/ul><p> <\/p><\/div><p>Pour en savoir plus sur la mani\u00e8re dont Google g\u00e8re la confidentialit\u00e9 concernant l&rsquo;utilisation des cookies et d&rsquo;autres informations, consultez la page des r\u00e8gles de confidentialit\u00e9 de Google <a href=\"https:\/\/policies.google.com\/privacy?hl=es\" target=\"_blank\" rel=\"nofollow noopener\">: https:\/\/policies.google.com\/privacy?hl=es<\/a><\/p><p>Vous pouvez \u00e9galement consulter la liste des types de cookies utilis\u00e9s par Google et ses partenaires, ainsi que toutes les informations relatives \u00e0 l&rsquo;utilisation des cookies publicitaires, \u00e0 l&rsquo;adresse suivante :<\/p><ul><li><a href=\"https:\/\/policies.google.com\/technologies\/types?hl=es\" target=\"_blank\" rel=\"nofollow noopener\">Types de cookies utilis\u00e9s par Google<\/a><\/li><li><a href=\"https:\/\/policies.google.com\/technologies\/ads?hl=es\" target=\"_blank\" rel=\"nofollow noopener\">Comment Google utilise les cookies dans la publicit\u00e9<\/a>.<\/li><\/ul><h2>Navigation sur Internet<\/h2><p>Lorsque vous naviguez sur le site web, des donn\u00e9es non identifiantes peuvent \u00eatre collect\u00e9es, notamment l&rsquo;adresse IP, la g\u00e9olocalisation, un enregistrement de la mani\u00e8re dont les services et les sites sont utilis\u00e9s, les habitudes de navigation et d&rsquo;autres donn\u00e9es qui ne peuvent \u00eatre utilis\u00e9es pour vous identifier.<\/p><p>Le site Web utilise les services d&rsquo;analyse de tiers suivants :<\/p><p> <\/p><ul><li>Google Analytics.<\/li><\/ul><p> <\/p><p>Le propri\u00e9taire utilise les informations obtenues pour obtenir des donn\u00e9es statistiques, analyser les tendances, administrer le site, \u00e9tudier les habitudes de navigation et recueillir des informations d\u00e9mographiques.<\/p><p>Le Propri\u00e9taire n&rsquo;est pas responsable du traitement des donn\u00e9es personnelles par les sites web auxquels il est possible d&rsquo;acc\u00e9der par les diff\u00e9rents liens contenus dans le site web.<\/p><h2>Exactitude et v\u00e9racit\u00e9 des donn\u00e9es personnelles<\/h2><p>Vous vous engagez \u00e0 veiller \u00e0 ce que les donn\u00e9es fournies au contr\u00f4leur des donn\u00e9es soient correctes, compl\u00e8tes, exactes et \u00e0 jour, ainsi qu&rsquo;\u00e0 les maintenir d\u00fbment mises \u00e0 jour.<\/p><p>En tant qu&rsquo;utilisateur du site web, vous \u00eates seul responsable de la v\u00e9racit\u00e9 et de l&rsquo;exactitude des donn\u00e9es soumises au site web, exon\u00e9rant le propri\u00e9taire de toute responsabilit\u00e9 \u00e0 cet \u00e9gard.<\/p><h2>Acceptation et consentement<\/h2><p>En tant qu&rsquo;utilisateur du site web, vous d\u00e9clarez avoir \u00e9t\u00e9 inform\u00e9 des conditions relatives \u00e0 la protection des donn\u00e9es personnelles, et vous acceptez et consentez au traitement de ces donn\u00e9es par le propri\u00e9taire de la mani\u00e8re et aux fins indiqu\u00e9es dans la pr\u00e9sente politique de confidentialit\u00e9.<\/p><p>Pour contacter le propri\u00e9taire, vous abonner \u00e0 un bulletin d&rsquo;information ou faire des commentaires sur ce site web, vous devez accepter cette politique de confidentialit\u00e9.<\/p><h2>Modifications de la politique de confidentialit\u00e9<\/h2><p>Le propri\u00e9taire se r\u00e9serve le droit de modifier cette politique de confidentialit\u00e9 afin de l&rsquo;adapter aux nouvelles l\u00e9gislations ou jurisprudences, ainsi qu&rsquo;aux pratiques de l&rsquo;industrie.<\/p><p>Ces politiques restent en vigueur jusqu&rsquo;\u00e0 ce qu&rsquo;elles soient modifi\u00e9es par d&rsquo;autres politiques d\u00fbment publi\u00e9es.<\/p><\/div>\t\t\t\t\t\t\t\t<\/div>\n\t\t\t\t<\/div>\n\t\t\t\t\t<\/div>\n\t\t\t\t<\/div>\n\t\t\t\t<\/div>\n\t\t","protected":false},"excerpt":{"rendered":"<p>Le Propri\u00e9taire vous informe de sa politique de confidentialit\u00e9 concernant le traitement et la protection des donn\u00e9es personnelles des utilisateurs qui peuvent \u00eatre collect\u00e9es lors de la navigation sur le site Web : https:\/\/microdeko.com \u00c0 cet \u00e9gard, le responsable du traitement garantit le respect de la l\u00e9gislation en vigueur en mati\u00e8re de protection des donn\u00e9es [&hellip;]<\/p>\n","protected":false},"author":1,"featured_media":0,"parent":0,"menu_order":0,"comment_status":"closed","ping_status":"closed","template":"","meta":{"footnotes":""},"class_list":["post-1273","page","type-page","status-publish","hentry"],"yoast_head":"<!-- This site is optimized with the Yoast SEO plugin v27.3 - https:\/\/yoast.com\/product\/yoast-seo-wordpress\/ -->\n<title>Avis juridique - Microdeko<\/title>\n<meta name=\"robots\" content=\"index, follow, max-snippet:-1, max-image-preview:large, max-video-preview:-1\" \/>\n<link rel=\"canonical\" href=\"https:\/\/microdeko.com\/aviso-legal\/\" \/>\n<meta property=\"og:locale\" content=\"fr_FR\" \/>\n<meta property=\"og:type\" content=\"article\" \/>\n<meta property=\"og:title\" content=\"Avis juridique - Microdeko\" \/>\n<meta property=\"og:description\" content=\"Le Propri\u00e9taire vous informe de sa politique de confidentialit\u00e9 concernant le traitement et la protection des donn\u00e9es personnelles des utilisateurs qui peuvent \u00eatre collect\u00e9es lors de la navigation sur le site Web : https:\/\/microdeko.com \u00c0 cet \u00e9gard, le responsable du traitement garantit le respect de la l\u00e9gislation en vigueur en mati\u00e8re de protection des donn\u00e9es [&hellip;]\" \/>\n<meta property=\"og:url\" content=\"https:\/\/microdeko.com\/aviso-legal\/\" \/>\n<meta property=\"og:site_name\" content=\"Microdeko\" \/>\n<meta property=\"article:modified_time\" content=\"2026-02-03T13:47:58+00:00\" \/>\n<meta name=\"twitter:card\" content=\"summary_large_image\" \/>\n<meta name=\"twitter:label1\" content=\"Dur\u00e9e de lecture estim\u00e9e\" \/>\n\t<meta name=\"twitter:data1\" content=\"10 minutes\" \/>\n<script type=\"application\/ld+json\" class=\"yoast-schema-graph\">{\"@context\":\"https:\\\/\\\/schema.org\",\"@graph\":[{\"@type\":\"WebPage\",\"@id\":\"https:\\\/\\\/microdeko.com\\\/aviso-legal\\\/\",\"url\":\"https:\\\/\\\/microdeko.com\\\/aviso-legal\\\/\",\"name\":\"Avis juridique - Microdeko\",\"isPartOf\":{\"@id\":\"https:\\\/\\\/microdeko.com\\\/#website\"},\"datePublished\":\"2025-03-07T13:27:05+00:00\",\"dateModified\":\"2026-02-03T13:47:58+00:00\",\"breadcrumb\":{\"@id\":\"https:\\\/\\\/microdeko.com\\\/aviso-legal\\\/#breadcrumb\"},\"inLanguage\":\"fr-FR\",\"potentialAction\":[{\"@type\":\"ReadAction\",\"target\":[\"https:\\\/\\\/microdeko.com\\\/aviso-legal\\\/\"]}]},{\"@type\":\"BreadcrumbList\",\"@id\":\"https:\\\/\\\/microdeko.com\\\/aviso-legal\\\/#breadcrumb\",\"itemListElement\":[{\"@type\":\"ListItem\",\"position\":1,\"name\":\"Portada\",\"item\":\"https:\\\/\\\/microdeko.com\\\/\"},{\"@type\":\"ListItem\",\"position\":2,\"name\":\"Avis juridique\"}]},{\"@type\":\"WebSite\",\"@id\":\"https:\\\/\\\/microdeko.com\\\/#website\",\"url\":\"https:\\\/\\\/microdeko.com\\\/\",\"name\":\"Microdeko\",\"description\":\"Sistemas de Alta Decoraci\u00f3n\",\"potentialAction\":[{\"@type\":\"SearchAction\",\"target\":{\"@type\":\"EntryPoint\",\"urlTemplate\":\"https:\\\/\\\/microdeko.com\\\/?s={search_term_string}\"},\"query-input\":{\"@type\":\"PropertyValueSpecification\",\"valueRequired\":true,\"valueName\":\"search_term_string\"}}],\"inLanguage\":\"fr-FR\"}]}<\/script>\n<!-- \/ Yoast SEO plugin. -->","yoast_head_json":{"title":"Avis juridique - Microdeko","robots":{"index":"index","follow":"follow","max-snippet":"max-snippet:-1","max-image-preview":"max-image-preview:large","max-video-preview":"max-video-preview:-1"},"canonical":"https:\/\/microdeko.com\/aviso-legal\/","og_locale":"fr_FR","og_type":"article","og_title":"Avis juridique - Microdeko","og_description":"Le Propri\u00e9taire vous informe de sa politique de confidentialit\u00e9 concernant le traitement et la protection des donn\u00e9es personnelles des utilisateurs qui peuvent \u00eatre collect\u00e9es lors de la navigation sur le site Web : https:\/\/microdeko.com \u00c0 cet \u00e9gard, le responsable du traitement garantit le respect de la l\u00e9gislation en vigueur en mati\u00e8re de protection des donn\u00e9es [&hellip;]","og_url":"https:\/\/microdeko.com\/aviso-legal\/","og_site_name":"Microdeko","article_modified_time":"2026-02-03T13:47:58+00:00","twitter_card":"summary_large_image","twitter_misc":{"Dur\u00e9e de lecture estim\u00e9e":"10 minutes"},"schema":{"@context":"https:\/\/schema.org","@graph":[{"@type":"WebPage","@id":"https:\/\/microdeko.com\/aviso-legal\/","url":"https:\/\/microdeko.com\/aviso-legal\/","name":"Avis juridique - Microdeko","isPartOf":{"@id":"https:\/\/microdeko.com\/#website"},"datePublished":"2025-03-07T13:27:05+00:00","dateModified":"2026-02-03T13:47:58+00:00","breadcrumb":{"@id":"https:\/\/microdeko.com\/aviso-legal\/#breadcrumb"},"inLanguage":"fr-FR","potentialAction":[{"@type":"ReadAction","target":["https:\/\/microdeko.com\/aviso-legal\/"]}]},{"@type":"BreadcrumbList","@id":"https:\/\/microdeko.com\/aviso-legal\/#breadcrumb","itemListElement":[{"@type":"ListItem","position":1,"name":"Portada","item":"https:\/\/microdeko.com\/"},{"@type":"ListItem","position":2,"name":"Avis juridique"}]},{"@type":"WebSite","@id":"https:\/\/microdeko.com\/#website","url":"https:\/\/microdeko.com\/","name":"Microdeko","description":"Sistemas de Alta Decoraci\u00f3n","potentialAction":[{"@type":"SearchAction","target":{"@type":"EntryPoint","urlTemplate":"https:\/\/microdeko.com\/?s={search_term_string}"},"query-input":{"@type":"PropertyValueSpecification","valueRequired":true,"valueName":"search_term_string"}}],"inLanguage":"fr-FR"}]}},"_links":{"self":[{"href":"https:\/\/microdeko.com\/fr\/wp-json\/wp\/v2\/pages\/1273","targetHints":{"allow":["GET"]}}],"collection":[{"href":"https:\/\/microdeko.com\/fr\/wp-json\/wp\/v2\/pages"}],"about":[{"href":"https:\/\/microdeko.com\/fr\/wp-json\/wp\/v2\/types\/page"}],"author":[{"embeddable":true,"href":"https:\/\/microdeko.com\/fr\/wp-json\/wp\/v2\/users\/1"}],"replies":[{"embeddable":true,"href":"https:\/\/microdeko.com\/fr\/wp-json\/wp\/v2\/comments?post=1273"}],"version-history":[{"count":2,"href":"https:\/\/microdeko.com\/fr\/wp-json\/wp\/v2\/pages\/1273\/revisions"}],"predecessor-version":[{"id":1275,"href":"https:\/\/microdeko.com\/fr\/wp-json\/wp\/v2\/pages\/1273\/revisions\/1275"}],"wp:attachment":[{"href":"https:\/\/microdeko.com\/fr\/wp-json\/wp\/v2\/media?parent=1273"}],"curies":[{"name":"wp","href":"https:\/\/api.w.org\/{rel}","templated":true}]}}