{"id":1212,"date":"2025-06-02T06:54:35","date_gmt":"2025-06-02T06:54:35","guid":{"rendered":"https:\/\/microdeko.com\/politique-en-matiere-de-cookies\/"},"modified":"2026-02-03T13:47:58","modified_gmt":"2026-02-03T13:47:58","slug":"politique-en-matiere-de-cookies","status":"publish","type":"page","link":"https:\/\/microdeko.com\/fr\/politique-en-matiere-de-cookies\/","title":{"rendered":"Politique en mati\u00e8re de cookies"},"content":{"rendered":"\t\t<div data-elementor-type=\"wp-page\" data-elementor-id=\"1212\" class=\"elementor elementor-1212 elementor-1095\" data-elementor-post-type=\"page\">\n\t\t\t\t<div class=\"elementor-element elementor-element-dcf3d4d e-flex e-con-boxed e-con e-parent\" data-id=\"dcf3d4d\" data-element_type=\"container\" data-e-type=\"container\">\n\t\t\t\t\t<div class=\"e-con-inner\">\n\t\t\t\t<div class=\"elementor-element elementor-element-52a0997 elementor-widget elementor-widget-text-editor\" data-id=\"52a0997\" data-element_type=\"widget\" data-e-type=\"widget\" data-widget_type=\"text-editor.default\">\n\t\t\t\t<div class=\"elementor-widget-container\">\n\t\t\t\t\t\t\t\t\t<p><style>\n    a.cky-banner-element {<br\/>        padding: 8px 30px;<br\/>        background: #F8F9FA;<br\/>        color: #858A8F;<br\/>        border: 1px solid #DEE2E6;<br\/>        box-sizing: border-box;<br\/>        border-radius: 2px;<br\/>        cursor: pointer;<br\/>}<br\/><\/style><\/p><h1 class=\"cookie-policy-h1\">Politique en mati\u00e8re de cookies<\/h1><div class=\"n4sEPd\"><div class=\"FFpbKc\"><div class=\"xMmqsf\"><div class=\"nidPne\"><div data-show-delay-ms=\"250\" data-append-to-body=\"true\" data-propagate-tooltip-mouseover-events=\"true\" data-anchor-corner=\"bottom-left\" data-enable-skip-handler=\"true\" data-popup-corner=\"top-left\"><div class=\"dig2sb\"><div class=\"scLCMd\"><div id=\"itamenu\"><div class=\"goog-container goog-container-vertical\" tabindex=\"-1\">Date d&rsquo;entr\u00e9e en vigueur : 29 mai 2025<\/div><\/div><\/div><\/div><\/div><\/div><\/div><\/div><\/div><div class=\"QcsUad BDJ8fb sMVRZe hCXDsb wneUed\"><div class=\"usGWQd\"><div class=\"KkbLmb\"><div class=\"lRu31\" dir=\"ltr\"><span class=\"HwtZe\" lang=\"es\"><span class=\"jCAhz ChMk0b\"><span class=\"ryNqvb\">Derni\u00e8re mise \u00e0 jour : 29 mai 2025<\/span><\/span><\/span><\/div><div dir=\"ltr\"> <\/div><\/div><\/div><\/div><p><strong>Qu&rsquo;est-ce qu&rsquo;un biscuit ?<\/strong><\/p><p>La pr\u00e9sente politique en mati\u00e8re de cookies explique ce que sont les cookies et comment nous les utilisons, les types de cookies que nous utilisons, c&rsquo;est-\u00e0-dire les informations que nous collectons par le biais des cookies et la mani\u00e8re dont elles sont utilis\u00e9es, ainsi que la mani\u00e8re de g\u00e9rer vos param\u00e8tres en mati\u00e8re de cookies.<\/p><p>Les cookies sont de petits fichiers texte utilis\u00e9s pour stocker de petits \u00e9l\u00e9ments d&rsquo;information. Ils sont stock\u00e9s sur votre appareil lorsque le site web se charge dans votre navigateur. Ces cookies nous aident \u00e0 faire fonctionner correctement le site web, \u00e0 le rendre plus s\u00fbr, \u00e0 offrir une meilleure exp\u00e9rience \u00e0 l&rsquo;utilisateur, \u00e0 comprendre ses performances et \u00e0 analyser ce qui fonctionne et ce qui doit \u00eatre am\u00e9lior\u00e9.  <\/p><p><strong>Comment utilisons-nous les cookies ?<\/strong><\/p><p>Comme la plupart des services en ligne, notre site web utilise des cookies de premi\u00e8re partie et de tierce partie \u00e0 des fins diverses. Les cookies de premi\u00e8re partie sont principalement n\u00e9cessaires au bon fonctionnement du site web et ne collectent pas de donn\u00e9es personnelles. <\/p><p>Les cookies tiers utilis\u00e9s sur notre site web servent principalement \u00e0 comprendre comment le site web fonctionne, comment vous interagissez avec lui, \u00e0 maintenir la s\u00e9curit\u00e9 de nos services, \u00e0 vous fournir des publicit\u00e9s pertinentes et, d&rsquo;une mani\u00e8re g\u00e9n\u00e9rale, \u00e0 vous offrir une meilleure exp\u00e9rience utilisateur et \u00e0 acc\u00e9l\u00e9rer vos interactions futures avec notre site web.<\/p><p><strong>Types de cookies que nous utilisons<\/strong><\/p><div class=\"cky-audit-table-element\">  Nous utilisons des cookies analytiques et ceux n\u00e9cessaires au fonctionnement du site web.  <\/div><h5 style=\"margin-bottom: 20px;\">G\u00e9rer les pr\u00e9f\u00e9rences en mati\u00e8re de cookies<\/h5><p>Vous pouvez modifier vos pr\u00e9f\u00e9rences en mati\u00e8re de cookies \u00e0 tout moment en cliquant sur le bouton \u00ab\u00a0biscuit\u00a0\u00bb en bas \u00e0 gauche. Cela vous permettra de revenir sur la banni\u00e8re de consentement aux cookies et de modifier vos pr\u00e9f\u00e9rences ou de retirer votre consentement imm\u00e9diatement. <\/p><div><p>En outre, chaque navigateur propose diff\u00e9rentes m\u00e9thodes pour bloquer et supprimer les cookies utilis\u00e9s par les sites web. Vous pouvez modifier les param\u00e8tres de votre navigateur pour bloquer ou supprimer les cookies. Vous trouverez ci-dessous des liens vers des documents d&rsquo;assistance sur la mani\u00e8re de g\u00e9rer et de supprimer les cookies des principaux navigateurs web.  <\/p><p><a href=\"https:\/\/support.google.com\/accounts\/answer\/32050\">Chrome : https:\/\/support.google.com\/accounts\/answer\/32050<\/a><\/p><p><a href=\"https:\/\/support.apple.com\/en-in\/guide\/safari\/sfri11471\/mac\" target=\"_blank\" rel=\"noopener noreferrer\">Safari : https:\/\/support.apple.com\/en-in\/guide\/safari\/sfri11471\/mac<\/a><\/p><p><a href=\"https:\/\/support.mozilla.org\/en-US\/kb\/clear-cookies-and-site-data-firefox?redirectslug=delete-cookies-remove-info-websites-stored&amp;redirectlocale=en-US\" target=\"_blank\" rel=\"noopener noreferrer\">Firefox : https:\/\/support.mozilla.org\/en-US\/kb\/clear-cookies-and-site-data-firefox?redirectslug=delete-cookies-remove-info-websites-stored&amp;redirectlocale=en-US<\/a><\/p><p><a href=\"https:\/\/support.microsoft.com\/en-us\/topic\/how-to-delete-cookie-files-in-internet-explorer-bca9446f-d873-78de-77ba-d42645fa52fc\" target=\"_blank\" rel=\"noopener noreferrer\">Internet Explorer : https:\/\/support.microsoft.com\/en-us\/topic\/how-to-delete-cookie-files-in-internet-explorer-bca9446f-d873-78de-77ba-d42645fa52fc<\/a><\/p><p>Si vous utilisez un autre navigateur web, veuillez consulter la documentation officielle de votre navigateur.<\/p><\/div>\t\t\t\t\t\t\t\t<\/div>\n\t\t\t\t<\/div>\n\t\t\t\t\t<\/div>\n\t\t\t\t<\/div>\n\t\t\t\t<\/div>\n\t\t","protected":false},"excerpt":{"rendered":"<p>Politique en mati\u00e8re de cookies Date d&rsquo;entr\u00e9e en vigueur : 29 mai 2025Derni\u00e8re mise \u00e0 jour : 29 mai 2025 Qu&rsquo;est-ce qu&rsquo;un biscuit ? La pr\u00e9sente politique en mati\u00e8re de cookies explique ce que sont les cookies et comment nous les utilisons, les types de cookies que nous utilisons, c&rsquo;est-\u00e0-dire les informations que nous collectons [&hellip;]<\/p>\n","protected":false},"author":1,"featured_media":0,"parent":0,"menu_order":0,"comment_status":"closed","ping_status":"closed","template":"","meta":{"footnotes":""},"class_list":["post-1212","page","type-page","status-publish","hentry"],"yoast_head":"<!-- This site is optimized with the Yoast SEO plugin v27.3 - https:\/\/yoast.com\/product\/yoast-seo-wordpress\/ -->\n<title>Politique en mati\u00e8re de cookies - Microdeko<\/title>\n<meta name=\"robots\" content=\"index, follow, max-snippet:-1, max-image-preview:large, max-video-preview:-1\" \/>\n<link rel=\"canonical\" href=\"https:\/\/microdeko.com\/politica-de-cookies\/\" \/>\n<meta property=\"og:locale\" content=\"fr_FR\" \/>\n<meta property=\"og:type\" content=\"article\" \/>\n<meta property=\"og:title\" content=\"Politique en mati\u00e8re de cookies - Microdeko\" \/>\n<meta property=\"og:description\" content=\"Politique en mati\u00e8re de cookies Date d&rsquo;entr\u00e9e en vigueur : 29 mai 2025Derni\u00e8re mise \u00e0 jour : 29 mai 2025 Qu&rsquo;est-ce qu&rsquo;un biscuit ? La pr\u00e9sente politique en mati\u00e8re de cookies explique ce que sont les cookies et comment nous les utilisons, les types de cookies que nous utilisons, c&rsquo;est-\u00e0-dire les informations que nous collectons [&hellip;]\" \/>\n<meta property=\"og:url\" content=\"https:\/\/microdeko.com\/politica-de-cookies\/\" \/>\n<meta property=\"og:site_name\" content=\"Microdeko\" \/>\n<meta property=\"article:modified_time\" content=\"2026-02-03T13:47:58+00:00\" \/>\n<meta name=\"twitter:card\" content=\"summary_large_image\" \/>\n<meta name=\"twitter:label1\" content=\"Dur\u00e9e de lecture estim\u00e9e\" \/>\n\t<meta name=\"twitter:data1\" content=\"2 minutes\" \/>\n<script type=\"application\/ld+json\" class=\"yoast-schema-graph\">{\"@context\":\"https:\\\/\\\/schema.org\",\"@graph\":[{\"@type\":\"WebPage\",\"@id\":\"https:\\\/\\\/microdeko.com\\\/politica-de-cookies\\\/\",\"url\":\"https:\\\/\\\/microdeko.com\\\/politica-de-cookies\\\/\",\"name\":\"Politique en mati\u00e8re de cookies - Microdeko\",\"isPartOf\":{\"@id\":\"https:\\\/\\\/microdeko.com\\\/#website\"},\"datePublished\":\"2025-06-02T06:54:35+00:00\",\"dateModified\":\"2026-02-03T13:47:58+00:00\",\"breadcrumb\":{\"@id\":\"https:\\\/\\\/microdeko.com\\\/politica-de-cookies\\\/#breadcrumb\"},\"inLanguage\":\"fr-FR\",\"potentialAction\":[{\"@type\":\"ReadAction\",\"target\":[\"https:\\\/\\\/microdeko.com\\\/politica-de-cookies\\\/\"]}]},{\"@type\":\"BreadcrumbList\",\"@id\":\"https:\\\/\\\/microdeko.com\\\/politica-de-cookies\\\/#breadcrumb\",\"itemListElement\":[{\"@type\":\"ListItem\",\"position\":1,\"name\":\"Portada\",\"item\":\"https:\\\/\\\/microdeko.com\\\/\"},{\"@type\":\"ListItem\",\"position\":2,\"name\":\"Politique en mati\u00e8re de cookies\"}]},{\"@type\":\"WebSite\",\"@id\":\"https:\\\/\\\/microdeko.com\\\/#website\",\"url\":\"https:\\\/\\\/microdeko.com\\\/\",\"name\":\"Microdeko\",\"description\":\"Sistemas de Alta Decoraci\u00f3n\",\"potentialAction\":[{\"@type\":\"SearchAction\",\"target\":{\"@type\":\"EntryPoint\",\"urlTemplate\":\"https:\\\/\\\/microdeko.com\\\/?s={search_term_string}\"},\"query-input\":{\"@type\":\"PropertyValueSpecification\",\"valueRequired\":true,\"valueName\":\"search_term_string\"}}],\"inLanguage\":\"fr-FR\"}]}<\/script>\n<!-- \/ Yoast SEO plugin. -->","yoast_head_json":{"title":"Politique en mati\u00e8re de cookies - Microdeko","robots":{"index":"index","follow":"follow","max-snippet":"max-snippet:-1","max-image-preview":"max-image-preview:large","max-video-preview":"max-video-preview:-1"},"canonical":"https:\/\/microdeko.com\/politica-de-cookies\/","og_locale":"fr_FR","og_type":"article","og_title":"Politique en mati\u00e8re de cookies - Microdeko","og_description":"Politique en mati\u00e8re de cookies Date d&rsquo;entr\u00e9e en vigueur : 29 mai 2025Derni\u00e8re mise \u00e0 jour : 29 mai 2025 Qu&rsquo;est-ce qu&rsquo;un biscuit ? La pr\u00e9sente politique en mati\u00e8re de cookies explique ce que sont les cookies et comment nous les utilisons, les types de cookies que nous utilisons, c&rsquo;est-\u00e0-dire les informations que nous collectons [&hellip;]","og_url":"https:\/\/microdeko.com\/politica-de-cookies\/","og_site_name":"Microdeko","article_modified_time":"2026-02-03T13:47:58+00:00","twitter_card":"summary_large_image","twitter_misc":{"Dur\u00e9e de lecture estim\u00e9e":"2 minutes"},"schema":{"@context":"https:\/\/schema.org","@graph":[{"@type":"WebPage","@id":"https:\/\/microdeko.com\/politica-de-cookies\/","url":"https:\/\/microdeko.com\/politica-de-cookies\/","name":"Politique en mati\u00e8re de cookies - Microdeko","isPartOf":{"@id":"https:\/\/microdeko.com\/#website"},"datePublished":"2025-06-02T06:54:35+00:00","dateModified":"2026-02-03T13:47:58+00:00","breadcrumb":{"@id":"https:\/\/microdeko.com\/politica-de-cookies\/#breadcrumb"},"inLanguage":"fr-FR","potentialAction":[{"@type":"ReadAction","target":["https:\/\/microdeko.com\/politica-de-cookies\/"]}]},{"@type":"BreadcrumbList","@id":"https:\/\/microdeko.com\/politica-de-cookies\/#breadcrumb","itemListElement":[{"@type":"ListItem","position":1,"name":"Portada","item":"https:\/\/microdeko.com\/"},{"@type":"ListItem","position":2,"name":"Politique en mati\u00e8re de cookies"}]},{"@type":"WebSite","@id":"https:\/\/microdeko.com\/#website","url":"https:\/\/microdeko.com\/","name":"Microdeko","description":"Sistemas de Alta Decoraci\u00f3n","potentialAction":[{"@type":"SearchAction","target":{"@type":"EntryPoint","urlTemplate":"https:\/\/microdeko.com\/?s={search_term_string}"},"query-input":{"@type":"PropertyValueSpecification","valueRequired":true,"valueName":"search_term_string"}}],"inLanguage":"fr-FR"}]}},"_links":{"self":[{"href":"https:\/\/microdeko.com\/fr\/wp-json\/wp\/v2\/pages\/1212","targetHints":{"allow":["GET"]}}],"collection":[{"href":"https:\/\/microdeko.com\/fr\/wp-json\/wp\/v2\/pages"}],"about":[{"href":"https:\/\/microdeko.com\/fr\/wp-json\/wp\/v2\/types\/page"}],"author":[{"embeddable":true,"href":"https:\/\/microdeko.com\/fr\/wp-json\/wp\/v2\/users\/1"}],"replies":[{"embeddable":true,"href":"https:\/\/microdeko.com\/fr\/wp-json\/wp\/v2\/comments?post=1212"}],"version-history":[{"count":2,"href":"https:\/\/microdeko.com\/fr\/wp-json\/wp\/v2\/pages\/1212\/revisions"}],"predecessor-version":[{"id":1214,"href":"https:\/\/microdeko.com\/fr\/wp-json\/wp\/v2\/pages\/1212\/revisions\/1214"}],"wp:attachment":[{"href":"https:\/\/microdeko.com\/fr\/wp-json\/wp\/v2\/media?parent=1212"}],"curies":[{"name":"wp","href":"https:\/\/api.w.org\/{rel}","templated":true}]}}